{"id":253,"date":"2025-04-12T12:38:30","date_gmt":"2025-04-12T12:38:30","guid":{"rendered":"https:\/\/banchik.com.ar\/accesoriospeugeot\/?post_type=product&#038;p=253"},"modified":"2026-01-06T14:52:30","modified_gmt":"2026-01-06T14:52:30","slug":"alfombra-de-baul-termoformada-nueva-2008","status":"publish","type":"product","link":"https:\/\/banchik.com.ar\/accesoriospeugeot\/product\/alfombra-de-baul-termoformada-nueva-2008\/","title":{"rendered":"Alfombra de ba\u00fal termoformada Nueva 2008"},"content":{"rendered":"<p>Alfombra termoformada de ba\u00fal para la Nueva 2008, de muy f\u00e1cil limpieza.<\/p>\n<p>Evitando arena y tierra en la alfombra del ba\u00fal de su veh\u00edculo.<\/p>\n<p>&nbsp;<\/p>\n","protected":false},"excerpt":{"rendered":"<p>Alfombra termoformada de ba\u00fal para la Nueva 2008, de muy f\u00e1cil limpieza. Evitando arena y tierra en la alfombra del ba\u00fal de su veh\u00edculo. &nbsp;<\/p>\n","protected":false},"featured_media":254,"template":"","meta":[],"product_brand":[],"product_cat":[20],"product_tag":[],"class_list":{"0":"post-253","1":"product","2":"type-product","3":"status-publish","4":"has-post-thumbnail","6":"product_cat-20","8":"first","9":"instock","10":"shipping-taxable","11":"purchasable","12":"product-type-simple"},"_links":{"self":[{"href":"https:\/\/banchik.com.ar\/accesoriospeugeot\/wp-json\/wp\/v2\/product\/253","targetHints":{"allow":["GET"]}}],"collection":[{"href":"https:\/\/banchik.com.ar\/accesoriospeugeot\/wp-json\/wp\/v2\/product"}],"about":[{"href":"https:\/\/banchik.com.ar\/accesoriospeugeot\/wp-json\/wp\/v2\/types\/product"}],"wp:featuredmedia":[{"embeddable":true,"href":"https:\/\/banchik.com.ar\/accesoriospeugeot\/wp-json\/wp\/v2\/media\/254"}],"wp:attachment":[{"href":"https:\/\/banchik.com.ar\/accesoriospeugeot\/wp-json\/wp\/v2\/media?parent=253"}],"wp:term":[{"taxonomy":"product_brand","embeddable":true,"href":"https:\/\/banchik.com.ar\/accesoriospeugeot\/wp-json\/wp\/v2\/product_brand?post=253"},{"taxonomy":"product_cat","embeddable":true,"href":"https:\/\/banchik.com.ar\/accesoriospeugeot\/wp-json\/wp\/v2\/product_cat?post=253"},{"taxonomy":"product_tag","embeddable":true,"href":"https:\/\/banchik.com.ar\/accesoriospeugeot\/wp-json\/wp\/v2\/product_tag?post=253"}],"curies":[{"name":"wp","href":"https:\/\/api.w.org\/{rel}","templated":true}]}}