{"id":238,"date":"2024-09-13T11:23:51","date_gmt":"2024-09-13T11:23:51","guid":{"rendered":"https:\/\/banchik.com.ar\/accesoriospeugeot\/?post_type=product&#038;p=238"},"modified":"2026-01-06T14:53:03","modified_gmt":"2026-01-06T14:53:03","slug":"chapon-cubre-carter-nueva-peugeot-2008-p24","status":"publish","type":"product","link":"https:\/\/banchik.com.ar\/accesoriospeugeot\/product\/chapon-cubre-carter-nueva-peugeot-2008-p24\/","title":{"rendered":"Chap\u00f3n Cubre Carter nueva Peugeot 2008 AM25"},"content":{"rendered":"<p>Protector inferior de c\u00e1rter de motor, original dise\u00f1ado para reducir impactos producidos por imperfecciones del camino.<\/p>\n<p>(foto a modo ilustrativa puede variar su dise\u00f1o)<\/p>\n","protected":false},"excerpt":{"rendered":"<p>Protector inferior de c\u00e1rter de motor, original dise\u00f1ado para reducir impactos producidos por imperfecciones del camino. (foto a modo ilustrativa puede variar su dise\u00f1o)<\/p>\n","protected":false},"featured_media":56,"template":"","meta":[],"product_brand":[],"product_cat":[20],"product_tag":[],"class_list":{"0":"post-238","1":"product","2":"type-product","3":"status-publish","4":"has-post-thumbnail","6":"product_cat-20","8":"first","9":"instock","10":"shipping-taxable","11":"purchasable","12":"product-type-simple"},"_links":{"self":[{"href":"https:\/\/banchik.com.ar\/accesoriospeugeot\/wp-json\/wp\/v2\/product\/238","targetHints":{"allow":["GET"]}}],"collection":[{"href":"https:\/\/banchik.com.ar\/accesoriospeugeot\/wp-json\/wp\/v2\/product"}],"about":[{"href":"https:\/\/banchik.com.ar\/accesoriospeugeot\/wp-json\/wp\/v2\/types\/product"}],"wp:featuredmedia":[{"embeddable":true,"href":"https:\/\/banchik.com.ar\/accesoriospeugeot\/wp-json\/wp\/v2\/media\/56"}],"wp:attachment":[{"href":"https:\/\/banchik.com.ar\/accesoriospeugeot\/wp-json\/wp\/v2\/media?parent=238"}],"wp:term":[{"taxonomy":"product_brand","embeddable":true,"href":"https:\/\/banchik.com.ar\/accesoriospeugeot\/wp-json\/wp\/v2\/product_brand?post=238"},{"taxonomy":"product_cat","embeddable":true,"href":"https:\/\/banchik.com.ar\/accesoriospeugeot\/wp-json\/wp\/v2\/product_cat?post=238"},{"taxonomy":"product_tag","embeddable":true,"href":"https:\/\/banchik.com.ar\/accesoriospeugeot\/wp-json\/wp\/v2\/product_tag?post=238"}],"curies":[{"name":"wp","href":"https:\/\/api.w.org\/{rel}","templated":true}]}}